{"id":1716,"date":"2016-10-10T09:09:08","date_gmt":"2016-10-10T07:09:08","guid":{"rendered":"https:\/\/www.cn-architekten.at\/en\/office\/gedanken"},"modified":"2025-12-01T15:03:25","modified_gmt":"2025-12-01T14:03:25","slug":"thoughts","status":"publish","type":"page","link":"https:\/\/www.cn-architekten.at\/en\/office\/thoughts","title":{"rendered":"Thoughts"},"content":{"rendered":"<p><span style=\"color: #000000;\"><strong>Emotion is more sensitive than an astute mind.<\/strong> <span style=\"color: #828282;\">Viktor Frankl<\/span><\/span><\/p>\n<p>&nbsp;<\/p>\n<p><span style=\"color: #828282;\">Every situation is unique; every place has its own independent existence, its past, its remembrances and its memory. Architecture has the power to make us aware of them, make them seem blurred or to completely remove them from our consciousness. Discover or create a connection to a place, an area or a landscape.<\/span><br \/>\n<span style=\"color: #000000;\"><strong>We need to sound out these places, ask about their past, get to know the surroundings, need to study the topography, the sun and the light, the hardness or subtleness of shadows, the smells and soundscape of the streets. We have to actively notice the leaves of the trees and the droplets of rain, capture the scene and understand the people who live here.<br \/>\n<\/strong><span style=\"color: #828282;\"><em>from: Max B\u00e4cher, &#8220;Mehr als umbaute Luft&#8221; (&#8220;more than cubical content&#8221;)<\/em><\/span><\/span><\/p>\n<p>&nbsp;<\/p>\n<p><span style=\"color: #000000;\"><strong>Everything starts with longing&#8230;<\/strong> <span style=\"color: #828282;\">Nelly Sachs<\/span><\/span><\/p>\n<p>&nbsp;<\/p>\n<p><span style=\"color: #000000;\">20160220 <strong>pechakucha <\/strong><span style=\"color: #828282;\">abend <\/span><strong>montforthaus <\/strong><span style=\"color: #828282;\">feldkirch<\/span><strong><br \/>\n<\/strong><span style=\"color: #828282;\">zum thema <\/span><strong>scheitern \/ <\/strong><span style=\"color: #828282;\">grosse (ent)w\u00fcrfe<\/span> \/ <strong>wettbewerbe<\/strong> \/ ac<\/span><\/p>\n<p><span style=\"color: #828282;\">Aufmerksam, motiviert, interessiert, und neugierig<\/span><br \/>\n<span style=\"color: #828282;\">gehen wir an die Aufgabe heran.<\/span><br \/>\n<span style=\"color: #828282;\">F\u00fchlend, denkend, riechend, und h\u00f6rend,<\/span><br \/>\n<span style=\"color: #828282;\">wartend, schauend, ruhend, und lesend,<\/span><br \/>\n<span style=\"color: #828282;\">suchend vertiefen wir uns ins die Thematik.<\/span><br \/>\n<span style=\"color: #828282;\">probieren, zweifeln, verwerfen,<\/span><br \/>\n<span style=\"color: #828282;\">immer wieder probieren, t\u00fcfteln,<\/span><br \/>\n<span style=\"color: #828282;\">alles in den Papierkorb, noch einmal,<\/span><br \/>\n<span style=\"color: #828282;\">Bauklotz, Situation, Stellung, und Raum,<\/span><br \/>\n<span style=\"color: #828282;\">L\u00e4nge, Breite, doch nicht, anders,<\/span><br \/>\n<span style=\"color: #828282;\">H\u00f6he, Fl\u00e4che, und Ausdehnung,<\/span><br \/>\n<span style=\"color: #828282;\">Beziehung, Ort, Umfeld, Inhalt,<\/span><br \/>\n<span style=\"color: #828282;\">so ein Bl\u00f6dsinn, wer hat das ausgeschrieben,<\/span><br \/>\n<span style=\"color: #828282;\">kritisch, wieso nicht so, nein doch nicht,<\/span><br \/>\n<span style=\"color: #828282;\">Papierkorb. STILLE.<\/span><br \/>\n<span style=\"color: #828282;\">Neue Kl\u00f6tze, K\u00f6rper, Strukturen, alles ist anders,<\/span><br \/>\n<span style=\"color: #828282;\">vorher wars aber besser, wieso, wieso nicht,<\/span><br \/>\n<span style=\"color: #828282;\">alter Bauklotz, Stanley-Messer, Uhu-Stick, Styropor.<\/span><br \/>\n<span style=\"color: #828282;\">das w\u00e4re doch sch\u00f6n. INNEHALTEN\u2026.<\/span><br \/>\n<span style=\"color: #828282;\">Wagen wir uns \u00fcber eine Grundst\u00fccksgrenze hinauszubauen,<\/span><br \/>\n<span style=\"color: #828282;\">wenn es die Situation im r\u00e4umlichen Kontext erfordert?<\/span><br \/>\n<span style=\"color: #828282;\">Wagen wir es ein Raumprogramm in Frage zu stellen,<\/span><br \/>\n<span style=\"color: #828282;\">sogar eine Aufgabenstellung, oder einen vordefinierten Bauplatz?<\/span><br \/>\n<span style=\"color: #828282;\">Wagen wir es gr\u00f6\u00dfer zu bauen, wenn es die Stadtfigur fordert?<\/span><br \/>\n<span style=\"color: #828282;\">Sehr oft wagen wir es, weil wir das Gef\u00fchl haben es wagen zu m\u00fcssen.<\/span><br \/>\n<span style=\"color: #828282;\">Architektur wird emotional, wo die Funktion aufh\u00f6rt.<\/span><br \/>\n<span style=\"color: #828282;\">Es gibt eine Idee. Es gibt eine Struktur. Es gibt ein Thema.<\/span><br \/>\n<span style=\"color: #828282;\">Rhythmus, Herzblut, Proportion,<\/span><br \/>\n<span style=\"color: #828282;\">Musik, Mathematik, oje: Statik.<\/span><br \/>\n<span style=\"color: #828282;\">Verzweiflung. Es geht nicht. Doch anders.<\/span><br \/>\n<span style=\"color: #828282;\">Schlaflose Nacht. Warten, Spielen, Ver\u00e4ndern.<\/span><br \/>\n<span style=\"color: #828282;\">INS GELINGEN VERTRAUEN.<\/span><br \/>\n<span style=\"color: #828282;\">Variante A. Variante B. Variante K.<\/span><br \/>\n<span style=\"color: #828282;\">Um das Wesen des einen zu entdecken,<\/span><br \/>\n<span style=\"color: #828282;\">das genaue Gegenteil probieren.<\/span><br \/>\n<span style=\"color: #828282;\">Wir geben alles. Das momentan beste.<\/span><br \/>\n<span style=\"color: #828282;\">Wir finden. Wir erfinden.<\/span><br \/>\n<span style=\"color: #828282;\">Freude. \u00dcberzeugung. Motivation.<\/span><br \/>\n<span style=\"color: #828282;\">Es geht. Es wird gut. Alles geht auf.<\/span><br \/>\n<span style=\"color: #828282;\">Programm. Inhalt. Struktur.<\/span><br \/>\n<span style=\"color: #828282;\">Material. Fassaden. Textur.<\/span><br \/>\n<span style=\"color: #828282;\">Stimmung. Atmosph\u00e4re. Poesie.<\/span><br \/>\n<span style=\"color: #828282;\">Der Entwurfsprozess ist ein andauerndes Versuchen und Irren,<\/span><br \/>\n<span style=\"color: #828282;\">ein permanentes Ver\u00e4ndern, Verzweifeln und Hoffen.<\/span><br \/>\n<span style=\"color: #828282;\">Auf und Ab. Hoch und Tief. Alles und nichts.<\/span><br \/>\n<span style=\"color: #828282;\">Wie es auch eigentlich nur zwei spannende Arten von Landschaft gibt:<\/span><br \/>\n<span style=\"color: #828282;\">Berg\/Tal und Meer. Und in beiden ist alles auch Gegens\u00e4tzliche.<\/span><br \/>\n<span style=\"color: #828282;\">Dann die Ausarbeitung in Bild, Text, Grafik und Modell.<\/span><br \/>\n<span style=\"color: #828282;\">Planrolle. Ausplotten. Wir sind fertig.<\/span><br \/>\n<span style=\"color: #828282;\">Es ist die Freude am Schaffen, und am Entwickeln,<\/span><br \/>\n<span style=\"color: #828282;\">knifflige Aufgaben und R\u00e4tsel zu l\u00f6sen,<\/span><br \/>\n<span style=\"color: #828282;\">Komplexit\u00e4t in Ordnung verwandeln,<\/span><br \/>\n<span style=\"color: #828282;\">gestaltet, nutzbar, und sinnvoll.<\/span><br \/>\n<span style=\"color: #828282;\">Es ist eine Lebensflamme.<\/span><br \/>\n<span style=\"color: #828282;\">Wir packen Pl\u00e4ne und Modell in Schachteln und Kisten.<\/span><br \/>\n<span style=\"color: #828282;\">Ein vorsichtiger und langsamer Prozess.<\/span><br \/>\n<span style=\"color: #828282;\">Der Idee haftet auch immer etwas Jungfr\u00e4uliches an,<\/span><br \/>\n<span style=\"color: #828282;\">etwas Verletzliches und Sanftes.<\/span><br \/>\n<span style=\"color: #828282;\">Wir schicken das Projekt in die Welt hinaus,<\/span><br \/>\n<span style=\"color: #828282;\">ungesch\u00fctzt und ohne Hilfe.<\/span><br \/>\n<span style=\"color: #828282;\">Am Tag der Jury das gro\u00dfe Hoffen.<\/span><br \/>\n<span style=\"color: #828282;\">17 Uhr. 18 Uhr. 19 Uhr.<\/span><br \/>\n<span style=\"color: #828282;\">Ein Rummelplatz der Emotionen.<\/span><br \/>\n<span style=\"color: #828282;\">22 Uhr. Niemand ruft an.<\/span><br \/>\n<span style=\"color: #828282;\">Die sind vielleicht noch nicht fertig, haben vertagt.<\/span><br \/>\n<span style=\"color: #828282;\">Am n\u00e4chsten Morgen ein Mail:<\/span><br \/>\n<span style=\"color: #828282;\">Nicht einmal eine Anerkennung.<\/span><br \/>\n<span style=\"color: #828282;\">Es folgt das Protokoll mit Pl\u00e4nen und Bildern.<\/span><br \/>\n<span style=\"color: #828282;\">Und dann gibt es im Scheitern zwei M\u00f6glichkeiten:<\/span><br \/>\n<span style=\"color: #828282;\">Das Gewinnerprojekt ist gut, eine faire Entscheidung,<\/span><br \/>\n<span style=\"color: #828282;\">dann f\u00e4llt die Akzeptanz leichter.<\/span><br \/>\n<span style=\"color: #828282;\">Und doch viele Fragen.<\/span><br \/>\n<span style=\"color: #828282;\">Haben wir auf ein falsches Pferd gesetzt?<\/span><br \/>\n<span style=\"color: #828282;\">Haben wir die Aufgabe falsch interpretiert?<\/span><br \/>\n<span style=\"color: #828282;\">Haben wir zu viel riskiert?<\/span><br \/>\n<span style=\"color: #828282;\">Wir sehen es sportlich.<\/span><br \/>\n<span style=\"color: #828282;\">Es ist schade, doch das Beste m\u00f6ge gewinnen.<\/span><br \/>\n<span style=\"color: #828282;\">Man bleibt im Positiven und w\u00fcnscht dem Projekt alles Gute.<\/span><br \/>\n<span style=\"color: #828282;\">Oder aber:<\/span><br \/>\n<span style=\"color: #828282;\">das Gewinnerprojekt ist schlecht, ein Kompromiss, eine schwache Jury,<\/span><br \/>\n<span style=\"color: #828282;\">ein falsches Ergebnis, ungerecht, eine geschobene Entscheidung.<\/span><br \/>\n<span style=\"color: #828282;\">Es folgen Wut, \u00c4rger, Unverst\u00e4ndnis, Entt\u00e4uschung.<\/span><br \/>\n<span style=\"color: #828282;\">Trauer und Frustration. Selbstzweifel und Demotivation.<\/span><br \/>\n<span style=\"color: #828282;\">Gef\u00fchle der Zeitverschwendung.<\/span><br \/>\n<span style=\"color: #828282;\">In dieser Art von Scheitern ist es nicht nur die pers\u00f6nliche Trauer,<\/span><br \/>\n<span style=\"color: #828282;\">sondern jene um ein gutes Projekt, das keine Chance mehr hat auf Verwirklichung,<\/span><br \/>\n<span style=\"color: #828282;\">es kommt in die Schublade mit allen \u00dcberlegungen und Gedanken<\/span><br \/>\n<span style=\"color: #828282;\">und wird vergessen, es darf nicht weiter entwickelt werden.<\/span><br \/>\n<span style=\"color: #828282;\">\u00dcber komplette Fehlentscheidungen kommt man nie ganz hinweg.<\/span><br \/>\n<span style=\"color: #828282;\">Bei Gewinn folgt emotional nat\u00fcrlich das Gegenteil.<\/span><br \/>\n<span style=\"color: #828282;\">Freude. Anerkennung. Best\u00e4tigung.<\/span><br \/>\n<span style=\"color: #828282;\">Ob Hoch oder Tief,<\/span><br \/>\n<span style=\"color: #828282;\">beide Stimmungen relativieren sich meist mit der Zeit.<\/span><br \/>\n<span style=\"color: #828282;\">Auf Niederlage folgt Alltag, auf Sieg folgt Realit\u00e4t.<\/span><br \/>\n<span style=\"color: #828282;\">Es gibt nicht nur gewonnene oder verlorene Wettbewerbe,<\/span><br \/>\n<span style=\"color: #828282;\">es gibt eine Vielzahl von Entw\u00fcrfen, die entwickelt werden<\/span><br \/>\n<span style=\"color: #828282;\">und aus irgendwelchen Gr\u00fcnden nicht realisiert werden.<\/span><br \/>\n<span style=\"color: #828282;\">Traurig sind wir dann immer.<\/span><br \/>\n<span style=\"color: #828282;\">Wir haben das Geb\u00e4ude im Kopf hundertmal durchgespielt.<\/span><br \/>\n<span style=\"color: #828282;\">Wie bewegen sich die Menschen darin?<\/span><br \/>\n<span style=\"color: #828282;\">Wo halten sie sich gerne auf?<\/span><br \/>\n<span style=\"color: #828282;\">Wie ist das Licht? Wie sind die Blicke? Wie die Ger\u00fcche?<\/span><br \/>\n<span style=\"color: #828282;\">Wie erg\u00e4nzen sich die Materialien und welche Geschichten werden sie einmal erz\u00e4hlen?<\/span><br \/>\n<span style=\"color: #828282;\">Wie wird es altern?<\/span><br \/>\n<span style=\"color: #828282;\">Wir haben das Projekt entwickelt und lieb gewonnen.<\/span><br \/>\n<span style=\"color: #828282;\">Bei Projektstopp sp\u00fcrt man die Absolutheit des Schlussstrichs.<\/span><br \/>\n<span style=\"color: #828282;\">Die Antworten jedoch bleiben und leben weiter.<\/span><br \/>\n<span style=\"color: #828282;\">Wenn gro\u00dfe Entw\u00fcrfe verloren werden, sind sie dennoch nicht umsonst.<\/span><br \/>\n<span style=\"color: #828282;\">Verlieren und Scheitern sind Teil des Weges.<\/span><br \/>\n<span style=\"color: #828282;\">Immer ist Sieg in der Niederlage und umgekehrt.<\/span><br \/>\n<span style=\"color: #828282;\">Beide bedingen sich.<\/span><br \/>\n<span style=\"color: #828282;\">Wir haben die Erfahrung gemacht:<\/span><br \/>\n<span style=\"color: #828282;\">wer den Boden kennt, kann richtig und gerade stehen.<\/span><br \/>\n<span style=\"color: #828282;\">Architektur ist nicht lustig, hat unser Freund Richard einmal gesagt.<\/span><br \/>\n<span style=\"color: #828282;\">Warum denn nicht? Ohne Tal kein Berg. Ohne unten kein oben.<\/span><br \/>\n<span style=\"color: #828282;\">Wir wollen Lebendigkeit und bleiben neugierig<\/span><br \/>\n<span style=\"color: #828282;\">Und haben Spa\u00df und Freude am Finden und Erfinden,<\/span><br \/>\n<span style=\"color: #828282;\">es ist eine Lebensflamme.<\/span><\/p>\n<p>&nbsp;<\/p>\n<p><span style=\"color: #000000;\"><strong>it always seems impossible until it\u2019s done&#8230;<\/strong><span style=\"color: #828282;\">Nelson Mandela<\/span><\/span><\/p>\n","protected":false},"excerpt":{"rendered":"<p>Emotion is more sensitive than an astute mind. Viktor Frankl &nbsp; Every situation is unique; every place has its own independent existence, its past, its remembrances and its memory. Architecture has the power to make us aware of them, make them seem blurred or to completely remove them from our consciousness. Discover or create a [&hellip;]<\/p>\n","protected":false},"author":1,"featured_media":5508,"parent":26,"menu_order":9,"comment_status":"closed","ping_status":"closed","template":"","meta":{"_acf_changed":false,"footnotes":""},"class_list":["post-1716","page","type-page","status-publish","has-post-thumbnail","hentry"],"acf":[],"_links":{"self":[{"href":"https:\/\/www.cn-architekten.at\/en\/wp-json\/wp\/v2\/pages\/1716","targetHints":{"allow":["GET"]}}],"collection":[{"href":"https:\/\/www.cn-architekten.at\/en\/wp-json\/wp\/v2\/pages"}],"about":[{"href":"https:\/\/www.cn-architekten.at\/en\/wp-json\/wp\/v2\/types\/page"}],"author":[{"embeddable":true,"href":"https:\/\/www.cn-architekten.at\/en\/wp-json\/wp\/v2\/users\/1"}],"replies":[{"embeddable":true,"href":"https:\/\/www.cn-architekten.at\/en\/wp-json\/wp\/v2\/comments?post=1716"}],"version-history":[{"count":0,"href":"https:\/\/www.cn-architekten.at\/en\/wp-json\/wp\/v2\/pages\/1716\/revisions"}],"up":[{"embeddable":true,"href":"https:\/\/www.cn-architekten.at\/en\/wp-json\/wp\/v2\/pages\/26"}],"wp:featuredmedia":[{"embeddable":true,"href":"https:\/\/www.cn-architekten.at\/en\/wp-json\/wp\/v2\/media\/5508"}],"wp:attachment":[{"href":"https:\/\/www.cn-architekten.at\/en\/wp-json\/wp\/v2\/media?parent=1716"}],"curies":[{"name":"wp","href":"https:\/\/api.w.org\/{rel}","templated":true}]}}