{"id":360,"date":"2016-07-08T18:10:27","date_gmt":"2016-07-08T16:10:27","guid":{"rendered":"https:\/\/www.cn-architekten.at\/en\/office\/ausstellungen"},"modified":"2023-01-10T11:33:03","modified_gmt":"2023-01-10T10:33:03","slug":"exhibitions","status":"publish","type":"page","link":"https:\/\/www.cn-architekten.at\/en\/office\/exhibitions","title":{"rendered":"Exhibitions"},"content":{"rendered":"<p>2022 <strong>SCHAUFENSTER VORARLBERG <\/strong>Arkadenhof des Wiener Rathauses. Wien AT<br \/>\n2021 <strong>HUGO-H\u00c4RING LANDESPREIS <\/strong>Wechselraum. Stuttgart DE<br \/>\n2021 <strong>WIE WIR LAUFEN LERNTEN\u2026. <\/strong>AIT Dialog. Wanderausstellung (Berlin, Hamburg, K\u00f6ln &amp; D\u00fcsseldorf, Frankfurt a. M., Stuttgart, M\u00fcnchen)<br \/>\n2021 <strong>K\u00d6RPER UND RAUM aut<\/strong>. architektur und tirol. Innsbruck AT<br \/>\n2020 <strong>VORARLBERG &#8211; EIN GENERATIONENDIALOG<\/strong> vai. Vorarlberger Architektur Institut. Dornbirn AT<br \/>\n2019-2020 <strong>VORARLBERG &#8211; EIN GENERATIONENDIALOG<\/strong> Architekturzentrum Wien. Wien AT<br \/>\n2019 <strong>ARCHITEKTUR AN BESONDEREN ORTEN<\/strong> Bundesgartenschau Heilbronn. Heilbronn DE<br \/>\n2017 <strong>KOLLEKTIVE ERINNERUNGEN<\/strong> vai. Vorarlberger Architektur Institut. Dornbirn AT<br \/>\n2017 <strong>EINFACH ALLT\u00c4GLICH<\/strong> aut. Architektur und Tirol. Innsbruck AT<br \/>\n2014 <strong>THE CITY AND THE WORLD<\/strong> The Chicago Athenaeum Museum of Architecture and Design. Istanbul TR<br \/>\n2014 <strong>CUKROWICZ NACHBAUR ARCHITEKTEN<\/strong> Architektur Galerie Berlin. Berlin DE<br \/>\n2014-2019 <strong>GETTING THINGS DONE<\/strong> weltweit<br \/>\n2014 <strong>ARCHITETTURA IN AUSTRIA <\/strong>Chiesa di S. Francesco Borgia. Catania IT<br \/>\n2014 <strong>BEST ARCHITECTS 2014<\/strong> Vorarlberg Museum. Bregenz AT<br \/>\n2013 <strong>SPIRITUALIT\u00c4T UND SINNLICHKEIT<\/strong> DG Galerie. M\u00fcnchen DE<br \/>\n2012 <strong>EUROPAS BESTE BAUTEN Preis der europ\u00e4ischen Union f\u00fcr zeitgen\u00f6ssische Architektur | Mies van der Rohe<br \/>\n<span style=\"color: #ffffff;\">2012<\/span> Award 2011<\/strong>\u00a0 Architekturzentrum Wien. Wien AT<br \/>\n2011 <strong>BAUEN MIT HOLZ<\/strong> Pinakothek der Moderne. M\u00fcnchen DE<br \/>\n2010 <strong>BAUHERRENPREIS VORARLBERG<\/strong>\u00a0vai. Vorarlberger Architektur Institut. Dornbirn AT<br \/>\n2010 <strong>FORM &amp; ENERGY<\/strong> Architektur im Ringturm. Wien AT<br \/>\n2010 <strong>A-SHOW<\/strong> Architekturzentrum Wien. Wien AT<br \/>\n2009 <strong>Mus\u00e9e Dauphinois. <\/strong>Grenoble FR<br \/>\n2008 <strong>Landhaus Vorarlberg.<\/strong> Bregenz AT<br \/>\n2008 <strong>ARCHITEKTUR<\/strong>\u00a0K\u00fcnstlerhaus Palais Thurn und Taxis. Bregenz AT<br \/>\n2008 <strong>BUILDING BIOGRAPHIES<\/strong> The Lighthouse. Glasgow GB<br \/>\n2008 <strong>LERNR\u00c4UME<\/strong> Bielefelder Kunstverein. Bielefeld DE<br \/>\n2006 <strong>NEUES BAUEN IN DEN ALPEN_ARCHITEKTURPREIS SEXTEN 2006<\/strong> europaweit<br \/>\n2006 <strong>SCULPTURAL ARCHITECTURE IN AUSTRIA<\/strong> NAMOC. Peking CN<br \/>\n2006 <strong>VIEL HOLZ AN DER H\u00dcTTE<\/strong> Architekturgalerie am Weissenhof. Stuttgart DE<br \/>\n2003-2008 <strong>KONSTRUKTIVE PROVOKATION <\/strong>europaweit<br \/>\n2003 <strong>JUNGE ARCHITEKTUR IN VORARLBERG\u00a0<\/strong>Erfurt DE<br \/>\n2003-2005 <strong>AUSTRIA WEST <\/strong>weltweit<br \/>\n2002 <strong>EMERGING ARCHITECTURE [2]<\/strong> MEO Contemporary Art Collection. Budapest HU<br \/>\n2002 <strong>EMERGING ARCHITECTURE [2]<\/strong> Architekturzentrum Wien. Wien AT<br \/>\n2001 <strong>STURM DER RUHE<\/strong> Architekturzentrum Wien. Wien AT<\/p>\n","protected":false},"excerpt":{"rendered":"<p>2022 SCHAUFENSTER VORARLBERG Arkadenhof des Wiener Rathauses. Wien AT 2021 HUGO-H\u00c4RING LANDESPREIS Wechselraum. Stuttgart DE 2021 WIE WIR LAUFEN LERNTEN\u2026. AIT Dialog. Wanderausstellung (Berlin, Hamburg, K\u00f6ln &amp; D\u00fcsseldorf, Frankfurt a. M., Stuttgart, M\u00fcnchen) 2021 K\u00d6RPER UND RAUM aut. architektur und tirol. Innsbruck AT 2020 VORARLBERG &#8211; EIN GENERATIONENDIALOG vai. Vorarlberger Architektur Institut. Dornbirn AT 2019-2020 [&hellip;]<\/p>\n","protected":false},"author":1,"featured_media":1779,"parent":26,"menu_order":8,"comment_status":"closed","ping_status":"closed","template":"","meta":{"_acf_changed":false,"footnotes":""},"class_list":["post-360","page","type-page","status-publish","has-post-thumbnail","hentry"],"acf":[],"_links":{"self":[{"href":"https:\/\/www.cn-architekten.at\/en\/wp-json\/wp\/v2\/pages\/360","targetHints":{"allow":["GET"]}}],"collection":[{"href":"https:\/\/www.cn-architekten.at\/en\/wp-json\/wp\/v2\/pages"}],"about":[{"href":"https:\/\/www.cn-architekten.at\/en\/wp-json\/wp\/v2\/types\/page"}],"author":[{"embeddable":true,"href":"https:\/\/www.cn-architekten.at\/en\/wp-json\/wp\/v2\/users\/1"}],"replies":[{"embeddable":true,"href":"https:\/\/www.cn-architekten.at\/en\/wp-json\/wp\/v2\/comments?post=360"}],"version-history":[{"count":0,"href":"https:\/\/www.cn-architekten.at\/en\/wp-json\/wp\/v2\/pages\/360\/revisions"}],"up":[{"embeddable":true,"href":"https:\/\/www.cn-architekten.at\/en\/wp-json\/wp\/v2\/pages\/26"}],"wp:featuredmedia":[{"embeddable":true,"href":"https:\/\/www.cn-architekten.at\/en\/wp-json\/wp\/v2\/media\/1779"}],"wp:attachment":[{"href":"https:\/\/www.cn-architekten.at\/en\/wp-json\/wp\/v2\/media?parent=360"}],"curies":[{"name":"wp","href":"https:\/\/api.w.org\/{rel}","templated":true}]}}